{"id":1119,"date":"2018-06-02T19:02:12","date_gmt":"2018-06-02T19:02:12","guid":{"rendered":"http:\/\/demo.zantetheme.com\/?page_id=1119"},"modified":"2024-02-18T23:56:16","modified_gmt":"2024-02-18T23:56:16","slug":"restaurant-3","status":"publish","type":"page","link":"https:\/\/villa-emma.com\/?page_id=1119&lang=de","title":{"rendered":"Restaurant"},"content":{"rendered":"<section class=\"wpb-content-wrapper\"><p>[vc_column width=&#8221;1\/2&#8243;][rev_slider_vc alias=&#8221;restaurant1-1&#8243; el_class=&#8221;gradient-overlay-slider&#8221;][vc_empty_space height=&#8221;100&#8243;][\/vc_column][vc_row][\/vc_row][vc_column][\/vc_column][vc_column]\t\t\t<div\r\n\t\t\t\tclass=\"main_title  text-left  \">\r\n\t\t\t\t<h2 class=\"title\">Unser Restaurant<\/h2>\r\n\t\t\t\t\t\t\t<\/div>\r\n\t\t[vc_column_text]Eingeh\u00fcllt in die Natur und einfach nur ein Nur wenige Schritte vom Zentrum entfernt bietet Villa Emma ein gro\u00dfes und einladendes Restaurant<br \/>\nLiebe zum Detail mit Freifl\u00e4chen und G\u00e4rten. Ideal f\u00fcr Abendessen mit Gruppen, Freunden, Familie und<br \/>\nintim.<br \/>\nDie K\u00fcche bietet eine gro\u00dfe Auswahl an traditionellen italienischen Gerichten.<br \/>\nNeu:<br \/>\n&#8211; Von Freitag bis Sonntag bieten wir den <strong>BBQ<\/strong>\/Spie\u00df mit gemischtem Brescianer Fleisch mit<br \/>\nan<br \/>\nbegleitet von Trentina-Polenta.<br \/>\n\u00dcber die K\u00fcche hinaus ist Villa Emma f\u00fcr ihre Pizza bekannt.<br \/>\nHolzofen.<br \/>\nPizza aus erstklassigen Zutaten, mit einem Teig, der das Ergebnis langj\u00e4hriger Erfahrung ist und<br \/>\nSuche.[\/vc_column_text][\/vc_column][vc_row][vc_column]\t\t\t<div\r\n\t\t\t\tclass=\"main_title  text-left  \">\r\n\t\t\t\t<h2 class=\"title\">Unser Men\u00fc<\/h2>\r\n\t\t\t\t\t\t\t<\/div>\r\n\t\t[\/vc_column][\/vc_row][vc_column][\/vc_column][vc_column_text][\/vc_column_text][vc_row][vc_column width=&#8221;1\/2&#8243;]\r\n\t\t\r\n\t\t\t<!-- RESTAURANT MENU ITEM -->\r\n\t\t\t<div class=\"restaurant-menu-item\">\r\n\t\t\t\t<div class=\"row\">\r\n\t\t\t\t\t\t<div class=\"col-lg-4 col-md-6\">\r\n\t\t\t\t\t\t\t<figure>\r\n\t\t\t\t\t\t\t\t<img decoding=\"async\" src=\"https:\/\/villa-emma.com\/wp-content\/uploads\/2024\/02\/restaurant1.jpg\" class=\"img-responsive full_width\" alt=\"SALAT\">\r\n\t\t\t\t\t\t\t<\/figure>\r\n\t\t\t\t\t\t<\/div>\r\n\t\t\t\t\t\t<div class=\"col-lg-8 col-md-6\">\r\n\t\t\t\t\t\t\t<div class=\"info\">\r\n\t\t\t\t\t\t\t\t<div class=\"title\">\r\n\t\t\t\t\t\t\t\t<span class=\"name\">SALAT<\/span>\r\n\t\t\t\t\t\t\t\t\t<span class=\"price\">\r\n\t\t\t\t\t\t\t\t\t<span class=\"amount\"><\/span>\r\n\t\t\t\t\t\t\t\t\t<\/span>\r\n\t\t\t\t\t\t\t\t<\/div>\r\n\t\t\t\t\t\t\t\t<p>Frische, gesunde Gerichte mit verschiedenen Gem\u00fcsesorten und Gew\u00fcrzen.<\/p>\r\n\t\t\t\t\t\t\t<\/div>\r\n\t\t\t\t\t\t<\/div>\r\n\t\t\t\t<\/div>\r\n\t\t\t<\/div>\r\n\r\n\t\t\r\n\t\t\r\n\t\t\t<!-- RESTAURANT MENU ITEM -->\r\n\t\t\t<div class=\"restaurant-menu-item\">\r\n\t\t\t\t<div class=\"row\">\r\n\t\t\t\t\t\t<div class=\"col-lg-4 col-md-6\">\r\n\t\t\t\t\t\t\t<figure>\r\n\t\t\t\t\t\t\t\t<img decoding=\"async\" src=\"https:\/\/villa-emma.com\/wp-content\/uploads\/2024\/02\/Pizza-600-400.jpg\" class=\"img-responsive full_width\" alt=\"PIZZA\">\r\n\t\t\t\t\t\t\t<\/figure>\r\n\t\t\t\t\t\t<\/div>\r\n\t\t\t\t\t\t<div class=\"col-lg-8 col-md-6\">\r\n\t\t\t\t\t\t\t<div class=\"info\">\r\n\t\t\t\t\t\t\t\t<div class=\"title\">\r\n\t\t\t\t\t\t\t\t<span class=\"name\">PIZZA<\/span>\r\n\t\t\t\t\t\t\t\t\t<span class=\"price\">\r\n\t\t\t\t\t\t\t\t\t<span class=\"amount\"><\/span>\r\n\t\t\t\t\t\t\t\t\t<\/span>\r\n\t\t\t\t\t\t\t\t<\/div>\r\n\t\t\t\t\t\t\t\t<p>Ein k\u00f6stliches italienisches Essen aus Nudeln, Tomatensauce, K\u00e4se und verschiedenen Gew\u00fcrzen.<\/p>\r\n\t\t\t\t\t\t\t<\/div>\r\n\t\t\t\t\t\t<\/div>\r\n\t\t\t\t<\/div>\r\n\t\t\t<\/div>\r\n\r\n\t\t\r\n\t\t\r\n\t\t\t<!-- RESTAURANT MENU ITEM -->\r\n\t\t\t<div class=\"restaurant-menu-item\">\r\n\t\t\t\t<div class=\"row\">\r\n\t\t\t\t\t\t<div class=\"col-lg-4 col-md-6\">\r\n\t\t\t\t\t\t\t<figure>\r\n\t\t\t\t\t\t\t\t<img decoding=\"async\" src=\"https:\/\/villa-emma.com\/wp-content\/uploads\/2018\/06\/restaurant5.jpg\" class=\"img-responsive full_width\" alt=\"HUHN\">\r\n\t\t\t\t\t\t\t<\/figure>\r\n\t\t\t\t\t\t<\/div>\r\n\t\t\t\t\t\t<div class=\"col-lg-8 col-md-6\">\r\n\t\t\t\t\t\t\t<div class=\"info\">\r\n\t\t\t\t\t\t\t\t<div class=\"title\">\r\n\t\t\t\t\t\t\t\t<span class=\"name\">HUHN<\/span>\r\n\t\t\t\t\t\t\t\t\t<span class=\"price\">\r\n\t\t\t\t\t\t\t\t\t<span class=\"amount\"><\/span>\r\n\t\t\t\t\t\t\t\t\t<\/span>\r\n\t\t\t\t\t\t\t\t<\/div>\r\n\t\t\t\t\t\t\t\t<p>Ein vielseitiges Protein, das auf vielf\u00e4ltige Weise zubereitet und mit verschiedenen Beilagen serviert werden kann.<\/p>\r\n\t\t\t\t\t\t\t<\/div>\r\n\t\t\t\t\t\t<\/div>\r\n\t\t\t\t<\/div>\r\n\t\t\t<\/div>\r\n\r\n\t\t[\/vc_column][vc_column width=&#8221;1\/2&#8243;]\r\n\t\t\r\n\t\t\t<!-- RESTAURANT MENU ITEM -->\r\n\t\t\t<div class=\"restaurant-menu-item\">\r\n\t\t\t\t<div class=\"row\">\r\n\t\t\t\t\t\t<div class=\"col-lg-4 col-md-6\">\r\n\t\t\t\t\t\t\t<figure>\r\n\t\t\t\t\t\t\t\t<img decoding=\"async\" src=\"https:\/\/villa-emma.com\/wp-content\/uploads\/2018\/06\/restaurant2.jpg\" class=\"img-responsive full_width\" alt=\"CROCQUETTE\">\r\n\t\t\t\t\t\t\t<\/figure>\r\n\t\t\t\t\t\t<\/div>\r\n\t\t\t\t\t\t<div class=\"col-lg-8 col-md-6\">\r\n\t\t\t\t\t\t\t<div class=\"info\">\r\n\t\t\t\t\t\t\t\t<div class=\"title\">\r\n\t\t\t\t\t\t\t\t<span class=\"name\">CROCQUETTE<\/span>\r\n\t\t\t\t\t\t\t\t\t<span class=\"price\">\r\n\t\t\t\t\t\t\t\t\t<span class=\"amount\"><\/span>\r\n\t\t\t\t\t\t\t\t\t<\/span>\r\n\t\t\t\t\t\t\t\t<\/div>\r\n\t\t\t\t\t\t\t\t<p>Knusprige und leckere frittierte H\u00e4ppchen, zubereitet aus Kartoffelp\u00fcree und Fleisch oder Fisch.<\/p>\r\n\t\t\t\t\t\t\t<\/div>\r\n\t\t\t\t\t\t<\/div>\r\n\t\t\t\t<\/div>\r\n\t\t\t<\/div>\r\n\r\n\t\t\r\n\t\t\r\n\t\t\t<!-- RESTAURANT MENU ITEM -->\r\n\t\t\t<div class=\"restaurant-menu-item\">\r\n\t\t\t\t<div class=\"row\">\r\n\t\t\t\t\t\t<div class=\"col-lg-4 col-md-6\">\r\n\t\t\t\t\t\t\t<figure>\r\n\t\t\t\t\t\t\t\t<img decoding=\"async\" src=\"https:\/\/villa-emma.com\/wp-content\/uploads\/2024\/02\/a-plate-of-spaghetti-bolognese-1638993.jpg\" class=\"img-responsive full_width\" alt=\"SPAGHETTI\">\r\n\t\t\t\t\t\t\t<\/figure>\r\n\t\t\t\t\t\t<\/div>\r\n\t\t\t\t\t\t<div class=\"col-lg-8 col-md-6\">\r\n\t\t\t\t\t\t\t<div class=\"info\">\r\n\t\t\t\t\t\t\t\t<div class=\"title\">\r\n\t\t\t\t\t\t\t\t<span class=\"name\">SPAGHETTI<\/span>\r\n\t\t\t\t\t\t\t\t\t<span class=\"price\">\r\n\t\t\t\t\t\t\t\t\t<span class=\"amount\"><\/span>\r\n\t\t\t\t\t\t\t\t\t<\/span>\r\n\t\t\t\t\t\t\t\t<\/div>\r\n\t\t\t\t\t\t\t\t<p>Klassisches italienisches Nudelgericht, typischerweise serviert mit verschiedenen Saucen.<\/p>\r\n\t\t\t\t\t\t\t<\/div>\r\n\t\t\t\t\t\t<\/div>\r\n\t\t\t\t<\/div>\r\n\t\t\t<\/div>\r\n\r\n\t\t\r\n\t\t\r\n\t\t\t<!-- RESTAURANT MENU ITEM -->\r\n\t\t\t<div class=\"restaurant-menu-item\">\r\n\t\t\t\t<div class=\"row\">\r\n\t\t\t\t\t\t<div class=\"col-lg-4 col-md-6\">\r\n\t\t\t\t\t\t\t<figure>\r\n\t\t\t\t\t\t\t\t<img decoding=\"async\" src=\"https:\/\/villa-emma.com\/wp-content\/uploads\/2018\/06\/restaurant6.jpg\" class=\"img-responsive full_width\" alt=\"FLEISCH\">\r\n\t\t\t\t\t\t\t<\/figure>\r\n\t\t\t\t\t\t<\/div>\r\n\t\t\t\t\t\t<div class=\"col-lg-8 col-md-6\">\r\n\t\t\t\t\t\t\t<div class=\"info\">\r\n\t\t\t\t\t\t\t\t<div class=\"title\">\r\n\t\t\t\t\t\t\t\t<span class=\"name\">FLEISCH<\/span>\r\n\t\t\t\t\t\t\t\t\t<span class=\"price\">\r\n\t\t\t\t\t\t\t\t\t<span class=\"amount\"><\/span>\r\n\t\t\t\t\t\t\t\t\t<\/span>\r\n\t\t\t\t\t\t\t\t<\/div>\r\n\t\t\t\t\t\t\t\t<p>Verschiedene St\u00fccke von Rind, Lamm und anderem Fleisch, perfekt zubereitet und mit begleitenden Saucen oder Beilagen serviert.<\/p>\r\n\t\t\t\t\t\t\t<\/div>\r\n\t\t\t\t\t\t<\/div>\r\n\t\t\t\t<\/div>\r\n\t\t\t<\/div>\r\n\r\n\t\t[\/vc_column][\/vc_row][vc_column][\/vc_column][vc_column_text][\/vc_column_text][vc_row][vc_column][vc_empty_space height=&#8221;20&#8243;][vc_column_text]In der Villa Emma streben wir danach, jede Mahlzeit zu einem besonderen Anlass zu machen. Egal, ob Sie zu einem schnellen Mittagessen oder einem gem\u00fctlichen Abendessen zu uns kommen, wir laden Sie ein, die authentischen Aromen und die herzliche Gastfreundschaft unseres Restaurants zu erleben.[\/vc_column_text][\/vc_column][\/vc_row][vc_column][\/vc_column][vc_column_text][\/vc_column_text][vc_row][vc_empty_space height=&#8221;20&#8243;]\t\t\t<div\r\n\t\t\t\tclass=\"main_title  text-left  \">\r\n\t\t\t\t<h2 class=\"title\">BILDGALERIE<\/h2>\r\n\t\t\t\t\t\t\t<\/div>\r\n\t\t[\/vc_row][vc_column][\/vc_column][vc_column][\/vc_column][vc_column]           \r\n            <div class=\"row\">\r\n\t            <div class=\"image-gallery\">\r\n\r\n                   \r\n                    <!-- GALLERY ITEM -->\r\n                    <div class=\"col-lg-3 col-sm-6\">\r\n                      <figure class=\"gradient-overlay-hover icon-zoom-hover zoom-image-hover\">\r\n                                                <a href=\"https:\/\/villa-emma.com\/wp-content\/uploads\/2018\/06\/restaurant13.jpg\">\r\n                          <img decoding=\"async\" src=\"https:\/\/villa-emma.com\/wp-content\/uploads\/2018\/06\/restaurant13.jpg\" class=\"img-responsive\">\r\n                        <\/a>\r\n                                            <\/figure>\r\n                    <\/div>\r\n\r\n                    \r\n                    <!-- GALLERY ITEM -->\r\n                    <div class=\"col-lg-3 col-sm-6\">\r\n                      <figure class=\"gradient-overlay-hover icon-zoom-hover zoom-image-hover\">\r\n                                                <a href=\"https:\/\/villa-emma.com\/wp-content\/uploads\/2018\/06\/restaurant12.jpg\">\r\n                          <img decoding=\"async\" src=\"https:\/\/villa-emma.com\/wp-content\/uploads\/2018\/06\/restaurant12.jpg\" class=\"img-responsive\">\r\n                        <\/a>\r\n                                            <\/figure>\r\n                    <\/div>\r\n\r\n                    \r\n                    <!-- GALLERY ITEM -->\r\n                    <div class=\"col-lg-3 col-sm-6\">\r\n                      <figure class=\"gradient-overlay-hover icon-zoom-hover zoom-image-hover\">\r\n                                                <a href=\"https:\/\/villa-emma.com\/wp-content\/uploads\/2018\/06\/restaurant10.jpg\">\r\n                          <img decoding=\"async\" src=\"https:\/\/villa-emma.com\/wp-content\/uploads\/2018\/06\/restaurant10.jpg\" class=\"img-responsive\">\r\n                        <\/a>\r\n                                            <\/figure>\r\n                    <\/div>\r\n\r\n                    \r\n                    <!-- GALLERY ITEM -->\r\n                    <div class=\"col-lg-3 col-sm-6\">\r\n                      <figure class=\"gradient-overlay-hover icon-zoom-hover zoom-image-hover\">\r\n                                                <a href=\"https:\/\/villa-emma.com\/wp-content\/uploads\/2018\/06\/restaurant8-1.jpg\">\r\n                          <img decoding=\"async\" src=\"https:\/\/villa-emma.com\/wp-content\/uploads\/2018\/06\/restaurant8-1.jpg\" class=\"img-responsive\">\r\n                        <\/a>\r\n                                            <\/figure>\r\n                    <\/div>\r\n\r\n                    \r\n                    <!-- GALLERY ITEM -->\r\n                    <div class=\"col-lg-3 col-sm-6\">\r\n                      <figure class=\"gradient-overlay-hover icon-zoom-hover zoom-image-hover\">\r\n                                                <a href=\"https:\/\/villa-emma.com\/wp-content\/uploads\/2018\/06\/restaurant7-1.jpg\">\r\n                          <img decoding=\"async\" src=\"https:\/\/villa-emma.com\/wp-content\/uploads\/2018\/06\/restaurant7-1.jpg\" class=\"img-responsive\">\r\n                        <\/a>\r\n                                            <\/figure>\r\n                    <\/div>\r\n\r\n                    \r\n                    <!-- GALLERY ITEM -->\r\n                    <div class=\"col-lg-3 col-sm-6\">\r\n                      <figure class=\"gradient-overlay-hover icon-zoom-hover zoom-image-hover\">\r\n                                                <a href=\"https:\/\/villa-emma.com\/wp-content\/uploads\/2018\/06\/restaurant14.jpg\">\r\n                          <img decoding=\"async\" src=\"https:\/\/villa-emma.com\/wp-content\/uploads\/2018\/06\/restaurant14.jpg\" class=\"img-responsive\">\r\n                        <\/a>\r\n                                            <\/figure>\r\n                    <\/div>\r\n\r\n                    \r\n                    <!-- GALLERY ITEM -->\r\n                    <div class=\"col-lg-3 col-sm-6\">\r\n                      <figure class=\"gradient-overlay-hover icon-zoom-hover zoom-image-hover\">\r\n                                                <a href=\"https:\/\/villa-emma.com\/wp-content\/uploads\/2024\/02\/DSC_0082-2-768x512-1-e1707691252374.jpg\">\r\n                          <img decoding=\"async\" src=\"https:\/\/villa-emma.com\/wp-content\/uploads\/2024\/02\/DSC_0082-2-768x512-1-e1707691252374.jpg\" class=\"img-responsive\">\r\n                        <\/a>\r\n                                            <\/figure>\r\n                    <\/div>\r\n\r\n                    \r\n                    <!-- GALLERY ITEM -->\r\n                    <div class=\"col-lg-3 col-sm-6\">\r\n                      <figure class=\"gradient-overlay-hover icon-zoom-hover zoom-image-hover\">\r\n                                                <a href=\"https:\/\/villa-emma.com\/wp-content\/uploads\/2024\/02\/a-plate-of-spaghetti-bolognese-1638993.jpg\">\r\n                          <img decoding=\"async\" src=\"https:\/\/villa-emma.com\/wp-content\/uploads\/2024\/02\/a-plate-of-spaghetti-bolognese-1638993.jpg\" class=\"img-responsive\">\r\n                        <\/a>\r\n                                            <\/figure>\r\n                    <\/div>\r\n\r\n                    \r\n\t                \t            <\/div>\r\n            <\/div>\r\n\r\n        [\/vc_column][vc_column][\/vc_column]<\/p>\n<\/section>","protected":false},"excerpt":{"rendered":"<p>[vc_column width=&#8221;1\/2&#8243;][rev_slider_vc alias=&#8221;restaurant1-1&#8243; el_class=&#8221;gradient-overlay-slider&#8221;][vc_empty_space height=&#8221;100&#8243;][\/vc_column][vc_row][\/vc_row][vc_column][\/vc_column][vc_column][vc_column_text]Eingeh\u00fcllt in die Natur und einfach nur ein Nur wenige Schritte vom Zentrum entfernt bietet Villa Emma ein gro\u00dfes und einladendes Restaurant Liebe zum Detail mit Freifl\u00e4chen und G\u00e4rten. Ideal f\u00fcr Abendessen mit Gruppen, Freunden, Familie und intim. Die K\u00fcche bietet eine gro\u00dfe Auswahl an traditionellen italienischen Gerichten. Neu: &#8211; Von [&hellip;]<\/p>\n","protected":false},"author":1,"featured_media":0,"parent":0,"menu_order":0,"comment_status":"closed","ping_status":"closed","template":"","meta":{"_joinchat":[],"footnotes":""},"lang":"de","translations":{"de":1119,"it":2570,"en":2701},"pll_sync_post":[],"_links":{"self":[{"href":"https:\/\/villa-emma.com\/index.php?rest_route=\/wp\/v2\/pages\/1119"}],"collection":[{"href":"https:\/\/villa-emma.com\/index.php?rest_route=\/wp\/v2\/pages"}],"about":[{"href":"https:\/\/villa-emma.com\/index.php?rest_route=\/wp\/v2\/types\/page"}],"author":[{"embeddable":true,"href":"https:\/\/villa-emma.com\/index.php?rest_route=\/wp\/v2\/users\/1"}],"replies":[{"embeddable":true,"href":"https:\/\/villa-emma.com\/index.php?rest_route=%2Fwp%2Fv2%2Fcomments&post=1119"}],"version-history":[{"count":11,"href":"https:\/\/villa-emma.com\/index.php?rest_route=\/wp\/v2\/pages\/1119\/revisions"}],"predecessor-version":[{"id":2916,"href":"https:\/\/villa-emma.com\/index.php?rest_route=\/wp\/v2\/pages\/1119\/revisions\/2916"}],"wp:attachment":[{"href":"https:\/\/villa-emma.com\/index.php?rest_route=%2Fwp%2Fv2%2Fmedia&parent=1119"}],"curies":[{"name":"wp","href":"https:\/\/api.w.org\/{rel}","templated":true}]}}