{"id":2484,"date":"2023-12-29T21:52:07","date_gmt":"2023-12-29T20:52:07","guid":{"rendered":"https:\/\/villa-emma.com\/?page_id=2484"},"modified":"2024-01-17T22:59:18","modified_gmt":"2024-01-17T22:59:18","slug":"uber-uns","status":"publish","type":"page","link":"https:\/\/villa-emma.com\/?page_id=2484&lang=de","title":{"rendered":"\u00dcber uns"},"content":{"rendered":"<section class=\"wpb-content-wrapper\"><p>[vc_row full_width=&#8221;stretch_row&#8221; css=&#8221;.vc_custom_1531729276201{padding-bottom: 80px !important;}&#8221;][vc_column]\t\t\t<div\r\n\t\t\t\tclass=\"main_title  text-left  \">\r\n\t\t\t\t<h2 class=\"title\">Villa Emma seit 1975<\/h2>\r\n\t\t\t\t\t\t\t\t\t<p class=\"main_description\">Unterk\u00fcnfte von hoher Qualit\u00e4t.<\/p>\r\n\t\t\t\t\t\t\t<\/div>\r\n\t\t[vc_column_text]Seit 1975 begeistert Villa Emma mit einzigartigen Erlebnissen. Diese haben wir vor allem der famili\u00e4ren F\u00fchrung zu verdanken, die auf die individuellen Bed\u00fcrfnissen und Erwartungen der G\u00e4ste fokussiert ist. Auch di fantastische Lage Villa Emma\u2019s, mit nur wenig Gehminuten vom historische Zentrum und dem traumhaft Strand Torboles \u00fcberzeugt unsere internationalen G\u00e4ste immer wieder.[\/vc_column_text][\/vc_column][\/vc_row][vc_row][vc_column][\/vc_column][\/vc_row]<\/p>\n<\/section>","protected":false},"excerpt":{"rendered":"<p>[vc_row full_width=&#8221;stretch_row&#8221; css=&#8221;.vc_custom_1531729276201{padding-bottom: 80px !important;}&#8221;][vc_column][vc_column_text]Seit 1975 begeistert Villa Emma mit einzigartigen Erlebnissen. Diese haben wir vor allem der famili\u00e4ren F\u00fchrung zu verdanken, die auf die individuellen Bed\u00fcrfnissen und Erwartungen der G\u00e4ste fokussiert ist. Auch di fantastische Lage Villa Emma\u2019s, mit nur wenig Gehminuten vom historische Zentrum und dem traumhaft Strand Torboles \u00fcberzeugt unsere internationalen G\u00e4ste [&hellip;]<\/p>\n","protected":false},"author":1,"featured_media":0,"parent":0,"menu_order":0,"comment_status":"closed","ping_status":"closed","template":"","meta":{"_joinchat":[],"footnotes":""},"lang":"de","translations":{"de":2484,"it":2584,"en":2697},"pll_sync_post":[],"_links":{"self":[{"href":"https:\/\/villa-emma.com\/index.php?rest_route=\/wp\/v2\/pages\/2484"}],"collection":[{"href":"https:\/\/villa-emma.com\/index.php?rest_route=\/wp\/v2\/pages"}],"about":[{"href":"https:\/\/villa-emma.com\/index.php?rest_route=\/wp\/v2\/types\/page"}],"author":[{"embeddable":true,"href":"https:\/\/villa-emma.com\/index.php?rest_route=\/wp\/v2\/users\/1"}],"replies":[{"embeddable":true,"href":"https:\/\/villa-emma.com\/index.php?rest_route=%2Fwp%2Fv2%2Fcomments&post=2484"}],"version-history":[{"count":1,"href":"https:\/\/villa-emma.com\/index.php?rest_route=\/wp\/v2\/pages\/2484\/revisions"}],"predecessor-version":[{"id":2761,"href":"https:\/\/villa-emma.com\/index.php?rest_route=\/wp\/v2\/pages\/2484\/revisions\/2761"}],"wp:attachment":[{"href":"https:\/\/villa-emma.com\/index.php?rest_route=%2Fwp%2Fv2%2Fmedia&parent=2484"}],"curies":[{"name":"wp","href":"https:\/\/api.w.org\/{rel}","templated":true}]}}