{"id":3124,"date":"2024-06-09T23:36:55","date_gmt":"2024-06-09T23:36:55","guid":{"rendered":"https:\/\/villa-emma.com\/?page_id=3124"},"modified":"2024-06-09T23:39:35","modified_gmt":"2024-06-09T23:39:35","slug":"restaurant-5","status":"publish","type":"page","link":"https:\/\/villa-emma.com\/?page_id=3124","title":{"rendered":"RESTAURANT"},"content":{"rendered":"<section class=\"wpb-content-wrapper\"><p>[vc_row][vc_column][vc_column_text]Eingeh\u00fcllt in die Natur und einfach nur wenige Schritte vom Zentrum entfernt bietet Villa Emma ein gro\u00dfes und einladendes Restaurant<br \/>\nLiebe zum Detail mit Freifl\u00e4chen und G\u00e4rten. Ideal f\u00fcr Abendessen mit Gruppen, Freunden, Familie und intim.<br \/>\nDie K\u00dcche bietet eine gro\u00dfe Auswahl an traditionellen italienischen Gerichten.<br \/>\n\u00dcber die K\u00fcche hinaus ist Villa Emma f\u00fcr ihre Pizza bekannt.<br \/>\nHolzofen.<br \/>\nPizza aus erstklassigen Zutaten, mit einem Teig, der das Ergebnis langj\u00e4hriger Erfahrung ist und<br \/>\nSuche[\/vc_column_text][\/vc_column][\/vc_row]<\/p>\n<\/section>","protected":false},"excerpt":{"rendered":"<p>[vc_row][vc_column][vc_column_text]Eingeh\u00fcllt in die Natur und einfach nur wenige Schritte vom Zentrum entfernt bietet Villa Emma ein gro\u00dfes und einladendes Restaurant Liebe zum Detail mit Freifl\u00e4chen und G\u00e4rten. Ideal f\u00fcr Abendessen mit Gruppen, Freunden, Familie und intim. Die K\u00dcche bietet eine gro\u00dfe Auswahl an traditionellen italienischen Gerichten. \u00dcber die K\u00fcche hinaus ist Villa Emma f\u00fcr ihre [&hellip;]<\/p>\n","protected":false},"author":1,"featured_media":0,"parent":0,"menu_order":0,"comment_status":"closed","ping_status":"closed","template":"","meta":{"_joinchat":[],"footnotes":""},"lang":"it","translations":{"it":3124},"pll_sync_post":[],"_links":{"self":[{"href":"https:\/\/villa-emma.com\/index.php?rest_route=\/wp\/v2\/pages\/3124"}],"collection":[{"href":"https:\/\/villa-emma.com\/index.php?rest_route=\/wp\/v2\/pages"}],"about":[{"href":"https:\/\/villa-emma.com\/index.php?rest_route=\/wp\/v2\/types\/page"}],"author":[{"embeddable":true,"href":"https:\/\/villa-emma.com\/index.php?rest_route=\/wp\/v2\/users\/1"}],"replies":[{"embeddable":true,"href":"https:\/\/villa-emma.com\/index.php?rest_route=%2Fwp%2Fv2%2Fcomments&post=3124"}],"version-history":[{"count":2,"href":"https:\/\/villa-emma.com\/index.php?rest_route=\/wp\/v2\/pages\/3124\/revisions"}],"predecessor-version":[{"id":3126,"href":"https:\/\/villa-emma.com\/index.php?rest_route=\/wp\/v2\/pages\/3124\/revisions\/3126"}],"wp:attachment":[{"href":"https:\/\/villa-emma.com\/index.php?rest_route=%2Fwp%2Fv2%2Fmedia&parent=3124"}],"curies":[{"name":"wp","href":"https:\/\/api.w.org\/{rel}","templated":true}]}}